{"id":1477,"date":"2018-06-13T16:00:08","date_gmt":"2018-06-13T19:00:08","guid":{"rendered":"http:\/\/www.encontracampogrande.com.br\/sobre\/?page_id=1477"},"modified":"2019-05-28T22:51:48","modified_gmt":"2019-05-29T01:51:48","slug":"rodoviaria-campo-grande-ms","status":"publish","type":"page","link":"https:\/\/www.encontracampogrande.com.br\/sobre\/rodoviaria-campo-grande-ms\/","title":{"rendered":"Rodovi\u00e1ria Campo Grande MS"},"content":{"rendered":"<div class=\"b2d8c3bba058484cf9e2131e6896ed29\" data-index=\"1\" style=\"float: none; margin:0px;\">\n<!-- Anuncio display - global -->\r\n<ins class=\"adsbygoogle\"\r\n     style=\"display:block\"\r\n     data-ad-client=\"ca-pub-8585364105181520\"\r\n     data-ad-slot=\"8789329856\"\r\n     data-ad-format=\"auto\"\r\n     data-full-width-responsive=\"true\"><\/ins>\r\n<script>\r\n     (adsbygoogle = window.adsbygoogle || []).push({});\r\n<\/script>\n<\/div>\n<p>Inaugurada em 2010, a <strong>Rodovi\u00e1ria Campo Grande MS<\/strong> est\u00e1 localizada em um local com mais de 10 hectares de espa\u00e7o e 6 mil m\u00b2 dentro do terminal.<\/p>\n<p>\u00c9 uma constru\u00e7\u00e3o recente e destaca-se entre as demais por seguir princ\u00edpios sustent\u00e1veis desde o momento de sua constru\u00e7\u00e3o ao preservar a natureza da \u00e1rea. Entre os detalhes, prioriza luz e ventila\u00e7\u00e3o natural assim como reaproveita a \u00e1gua da chuva.<\/p>\n<p><img loading=\"lazy\" decoding=\"async\" class=\"alignnone wp-image-1479 size-full\" title=\"Rodovi\u00e1ria Campo Grande MS\" src=\"http:\/\/www.encontracampogrande.com.br\/sobre\/wp-content\/uploads\/2018\/06\/rodoviaria-campo-grande-ms.jpg\" alt=\"Rodovi\u00e1ria Campo Grande MS\" width=\"680\" height=\"189\" srcset=\"https:\/\/www.encontracampogrande.com.br\/sobre\/wp-content\/uploads\/2018\/06\/rodoviaria-campo-grande-ms.jpg 680w, https:\/\/www.encontracampogrande.com.br\/sobre\/wp-content\/uploads\/2018\/06\/rodoviaria-campo-grande-ms-300x83.jpg 300w\" sizes=\"auto, (max-width: 680px) 100vw, 680px\" \/><\/p>\n<p>Localizada no Mato Grosso do Sul, \u00e9 tamb\u00e9m conhecida como esta\u00e7\u00e3o Rodovi\u00e1ria Senador Ant\u00f4nio Mendes Canale e conta com mais de 40 guich\u00eas de atendimento das principais via\u00e7\u00f5es do pa\u00eds. No complexo, est\u00e3o instaladas 16 salas comerciais e, ainda, uma \u00e1rea exclusiva para encaminhamento de mercadorias e embarque de viagens urbanas.<\/p>\n<h2>Rodovi\u00e1ria Campo Grande MS Eucatur<\/h2>\n<p><span style=\"text-decoration: underline;\">Eucatur<\/span> \u00e9 uma abrevia\u00e7\u00e3o para Empresa Uni\u00e3o Cascavel de Transportes e Turismo Ltda., que come\u00e7ou a atuar em 1964 com uma linha que operava apenas no estado do Paran\u00e1. Hoje, a empresa transporta mais de 270 mil pessoas ao dias e tornou-se uma das principais empresas no setor de transporte rodovi\u00e1rio.<\/p>\n<h3>Rodovi\u00e1ria Campo Grande MS Motta<\/h3>\n<p>Atuando h\u00e1 50 anos no ramo do transporte rodovi\u00e1rio, a <span style=\"text-decoration: underline;\">Via\u00e7\u00e3o Motta<\/span> foi fundada em 31 de Mar\u00e7o de 1967, na cidade de Presidente Prudente \u2013 SP, com a miss\u00e3o de transportar pessoas com seguran\u00e7a e qualidade. A Empresa iniciou a opera\u00e7\u00e3o nos estados de S\u00e3o Paulo e Mato Grosso.<\/p>\n<h3>Rodovi\u00e1ria Campo Grande MS Expresso Queiroz<\/h3>\n<p><span style=\"text-decoration: underline;\">Expresso Queiroz<\/span> Campo Grande \u00e9 uma empresa sulmatogrossensse.<\/p>\n<p>Atende, diversas cidades no estado de Mato Grosso do Sul: Amambai, Nova Alvorada do Sul, Caarap\u00f3, Campo Grande, Coronel Sapucaia, Dourados, Paranhos, Ponta Por\u00e3, Navira\u00ed, Camapu\u00e3, Figueir\u00e3o, Rio Brilhante, Juti, Aral Moreira, Laguna Caarap\u00e3 e Assentamento Santa M\u00f4nica.<\/p>\n<h3>Rodovi\u00e1ria Campo Grande MS S\u00e3o Luiz<\/h3>\n<p>A <span style=\"text-decoration: underline;\">Via\u00e7\u00e3o S\u00e3o Luiz<\/span> \u00e9 uma das empresas pioneiras e mais tradicionais no ramo de transporte de passageiros na regi\u00e3o centro-oeste. Fundada em 10 de maio de 1972 na cidade de Tr\u00eas Lagoas por Eug\u00eanio Possari e Ledovino Possari (Bino).<\/p>\n<h3>Hor\u00e1rio de Funcionamento Rodovi\u00e1ria Campo Grande MS<\/h3>\n<ul>\n<li>Atendimento 24 horas<\/li>\n<\/ul>\n<h3>Onde Fica, Endere\u00e7o e Telefone Rodovi\u00e1ria Campo Grande MS<\/h3>\n<ul>\n<li>Av. Gury Marques, 1215 &#8211; Universit\u00e1rio, Campo Grande &#8211; MS<\/li>\n<li>Telefone: (67) 3026-6789<\/li>\n<\/ul>\n<h4>Outras informa\u00e7\u00f5e e site:<\/h4>\n<ul>\n<li>Mais informa\u00e7\u00f5es: <a href=\"https:\/\/rodoviariaonline.com.br\/rodoviaria\/rodoviaria-de-campo-grande\/\" target=\"_blank\" rel=\"noopener noreferrer\">www.rodoviariaonline.com.br\/rodoviaria-de-campo-grande<\/a><\/li>\n<\/ul>\n<h4>Mapa de localiza\u00e7\u00e3o<\/h4>\n<a class=\"wp-colorbox-iframe\" href=\"https:\/\/www.google.com\/maps\/embed?pb=!1m14!1m8!1m3!1d14947.288068901144!2d-54.6012896!3d-20.5135212!3m2!1i1024!2i768!4f13.1!3m3!1m2!1s0x00xd657f6482fa54286!2sTerminal+Rodovirio+Campo+Grande!5e0!3m2!1spt-BR!2sbr!4v1528914042915\"><img decoding=\"async\" src=\"http:\/\/www.encontrabelohorizonte.com.br\/imgs\/maps-post.png\"><\/a>\n\n<div style=\"font-size: 0px; height: 0px; line-height: 0px; margin: 0; padding: 0; clear: both;\"><\/div>","protected":false},"excerpt":{"rendered":"<p>Inaugurada em 2010, a Rodovi\u00e1ria Campo Grande MS est\u00e1 localizada em um local com mais de 10 hectares de espa\u00e7o e 6 mil m\u00b2 dentro do terminal. \u00c9 uma constru\u00e7\u00e3o recente e destaca-se entre as demais por seguir princ\u00edpios sustent\u00e1veis desde o momento de sua constru\u00e7\u00e3o ao preservar a natureza da \u00e1rea. Entre os detalhes, prioriza luz e ventila\u00e7\u00e3o natural assim como reaproveita a \u00e1gua da chuva. Localizada no Mato Grosso do Sul, \u00e9 tamb\u00e9m conhecida como esta\u00e7\u00e3o Rodovi\u00e1ria Senador Ant\u00f4nio Mendes Canale e conta com mais de 40 guich\u00eas de atendimento das principais via\u00e7\u00f5es do pa\u00eds. No complexo, est\u00e3o <\/p>\n","protected":false},"author":1,"featured_media":0,"parent":0,"menu_order":0,"comment_status":"closed","ping_status":"closed","template":"","meta":{"footnotes":""},"class_list":["post-1477","page","type-page","status-publish","hentry"],"aioseo_notices":[],"_links":{"self":[{"href":"https:\/\/www.encontracampogrande.com.br\/sobre\/wp-json\/wp\/v2\/pages\/1477","targetHints":{"allow":["GET"]}}],"collection":[{"href":"https:\/\/www.encontracampogrande.com.br\/sobre\/wp-json\/wp\/v2\/pages"}],"about":[{"href":"https:\/\/www.encontracampogrande.com.br\/sobre\/wp-json\/wp\/v2\/types\/page"}],"author":[{"embeddable":true,"href":"https:\/\/www.encontracampogrande.com.br\/sobre\/wp-json\/wp\/v2\/users\/1"}],"replies":[{"embeddable":true,"href":"https:\/\/www.encontracampogrande.com.br\/sobre\/wp-json\/wp\/v2\/comments?post=1477"}],"version-history":[{"count":0,"href":"https:\/\/www.encontracampogrande.com.br\/sobre\/wp-json\/wp\/v2\/pages\/1477\/revisions"}],"wp:attachment":[{"href":"https:\/\/www.encontracampogrande.com.br\/sobre\/wp-json\/wp\/v2\/media?parent=1477"}],"curies":[{"name":"wp","href":"https:\/\/api.w.org\/{rel}","templated":true}]}}