{"id":449,"date":"2017-12-11T10:30:30","date_gmt":"2017-12-11T12:30:30","guid":{"rendered":"http:\/\/www.encontracampogrande.com.br\/noticias\/?page_id=449"},"modified":"2025-09-26T13:18:14","modified_gmt":"2025-09-26T16:18:14","slug":"sobre-campo-grande","status":"publish","type":"page","link":"https:\/\/www.encontracampogrande.com.br\/sobre\/","title":{"rendered":"Sobre Campo Grande"},"content":{"rendered":"<div class=\"b2d8c3bba058484cf9e2131e6896ed29\" data-index=\"1\" style=\"float: none; margin:0px;\">\n<!-- Anuncio display - global -->\r\n<ins class=\"adsbygoogle\"\r\n     style=\"display:block\"\r\n     data-ad-client=\"ca-pub-8585364105181520\"\r\n     data-ad-slot=\"8789329856\"\r\n     data-ad-format=\"auto\"\r\n     data-full-width-responsive=\"true\"><\/ins>\r\n<script>\r\n     (adsbygoogle = window.adsbygoogle || []).push({});\r\n<\/script>\n<\/div>\n<h2>Limites &#8211; Cidade Vizinhas<\/h2>\n<p>Jaraguari e Rochedo, Nova Alvorada do Sul e Sidrol\u00e2ndia, Ribas do Rio Pardo e Terenos.<\/p>\n<p>&nbsp;<\/p>\n<h3>Dados Principais sobre Campo Grande<img loading=\"lazy\" decoding=\"async\" class=\"size-full wp-image-452 alignright\" src=\"https:\/\/www.encontracampogrande.com.br\/noticias\/wp-content\/uploads\/2017\/12\/brasao-de-campo-grande.jpg\" alt=\"\" width=\"104\" height=\"119\" \/><\/h3>\n<p><strong>Anivers\u00e1rio:<\/strong> 26 de Agosto<br \/>\n<strong>Funda\u00e7\u00e3o:<\/strong> 1899<br \/>\n<strong>Gent\u00edlico:<\/strong> Campo-grandense<br \/>\n<strong>\u00c1rea:<\/strong> 8.096.051 Km\u00b2<br \/>\n<strong>Popula\u00e7\u00e3o:<\/strong> 796,252 hab. (2011)<img loading=\"lazy\" decoding=\"async\" class=\"size-full wp-image-451 alignright\" src=\"https:\/\/www.encontracampogrande.com.br\/noticias\/wp-content\/uploads\/2017\/12\/bandeira-de-campo-grande.jpg\" alt=\"\" width=\"145\" height=\"93\" \/><br \/>\n<strong>IDH:<\/strong> 0,812 &#8211; elevado<br \/>\n<a href=\"https:\/\/www.prefeituradecampogrande.org\/\" target=\"_blank\" rel=\"noopener noreferrer\">Prefeitura Campo Grande<\/a><\/p>\n<p>&nbsp;<\/p>\n<h2>Moradores ilustres de Campo Grande<\/h2>\n<p><iframe loading=\"lazy\" style=\"border: none; overflow: hidden; width: 520px; height: 252px;\" src=\"http:\/\/www.facebook.com\/plugins\/likebox.php?href=http%3A%2F%2Fwww.facebook.com%2Fpages\/Campo-Grande\/260691597319309&amp;width=520&amp;colorscheme=light&amp;show_faces=true&amp;stream=false&amp;header=false&amp;height=252\" width=\"300\" height=\"150\" frameborder=\"0\" scrolling=\"No\"><\/iframe><\/p>\n<h2>Hist\u00f3ria de Campo Grande<\/h2>\n<p><img loading=\"lazy\" decoding=\"async\" width=\"565\" height=\"198\" class=\"alignnone size-full wp-image-450\" style=\"width: 100%; height: auto;\" src=\"https:\/\/www.encontracampogrande.com.br\/noticias\/wp-content\/uploads\/2017\/12\/cidade-de-campo-grande.jpg\" alt=\"\" srcset=\"https:\/\/www.encontracampogrande.com.br\/sobre\/wp-content\/uploads\/2017\/12\/cidade-de-campo-grande.jpg 565w, https:\/\/www.encontracampogrande.com.br\/sobre\/wp-content\/uploads\/2017\/12\/cidade-de-campo-grande-300x105.jpg 300w\" sizes=\"auto, (max-width: 565px) 100vw, 565px\" \/><\/p>\n<p><strong>Campo Grande<\/strong> \u00e9 um munic\u00edpio brasileiro da regi\u00e3o Centro-Oeste, capital do estado de Mato Grosso do Sul. Reduto hist\u00f3rico de divisionistas entre o sul e o norte, Campo Grande foi fundada h\u00e1 mais de 111 anos por colonizadores mineiros, que vieram aproveitar os campos de pastagens nativas e as \u00e1guas cristalinas da regi\u00e3o dos cerrados. A cidade foi planejada em meio a uma vasta \u00e1rea verde, com ruas e avenidas largas. Relativamente arborizada e com diversos jardins por entre as suas vias, apresenta, ainda nos dias de hoje, forte rela\u00e7\u00e3o com a cultura ind\u00edgena e suas ra\u00edzes hist\u00f3ricas. Por causa da cor de sua terra (roxa ou vermelha), recebeu a alcunha de Cidade Morena. A cidade est\u00e1 localizada em uma regi\u00e3o de planalto, em que \u00e9 poss\u00edvel ver os limites da linha do horizonte ao fundo de qualquer paisagem. O aqu\u00edfero Guarani passa por baixo da cidade.<\/p>\n<p><a href=\"\/\">Campo Grande<\/a> est\u00e1 localizada no centro do estado e equidistante dos extremos norte, sul, leste e oeste de Mato Grosso do Sul, fator que facilitou a constru\u00e7\u00e3o das primeiras estradas da regi\u00e3o, contribuindo para que se tornasse a grande encruzilhada ou polo de desenvolvimento de uma vasta \u00e1rea. \u00c9 considerado o mais importante centro impulsionador de toda a atividade econ\u00f4mica e social do estado, posicionando-se como o de maior express\u00e3o e influ\u00eancia cultural, sendo tamb\u00e9m o polo mais importante de toda a regi\u00e3o do antigo estado, desmembrado em 1977. Em 1950, o munic\u00edpio concentrava 16,3% do total das empresas comerciais de Mato Grosso do Sul; em 1980, este n\u00famero subiu para 24,3% e, em 1997, a 34,85%. Tamb\u00e9m registrou crescimento populacional acima da m\u00e9dia nacional nos anos 1960, 70 e 80. Hoje, a cidade possui dimens\u00f5es e caracter\u00edsticas pr\u00f3ximos aos de uma metr\u00f3pole, com uma popula\u00e7\u00e3o pr\u00f3xima de 1 milh\u00e3o de habitante. Segundo pesquisa feita em 2006 pela revista Exame, Campo Grande \u00e9 a 28\u00aa melhor cidade do Brasil em infraestrutura, fator decisivo na atra\u00e7\u00e3o de investimentos.<\/p>\n<p><strong>Hist\u00f3ria<\/strong><\/p>\n<p>Em 21 de junho de 1872 Jos\u00e9 Ant\u00f4nio Pereira chegou e se alojou em terras f\u00e9rteis e completamente desabitadas da Serra de Maracaju, na conflu\u00eancia de dois c\u00f3rregos &#8211; mais tarde denominados Prosa e Segredo &#8211; onde hoje \u00e9 o Horto Florestal. No dia 14 de agosto de 1875, Jos\u00e9 Ant\u00f4nio Pereira enfim retornou com sua fam\u00edlia (esposa e oito filhos), escravos e outros, num total de 62 pessoas. No primeiro rancho, que havia constru\u00eddo, encontrou Manoel Vieira de Sousa (Manoel Oliv\u00e9rio) e sua fam\u00edlia, provenientes de Prata, que ali haviam chegado atra\u00eddos pelas not\u00edcias dos campos de Vacaria, juntamente com seus irm\u00e3os C\u00e2ndido Vieira de Souza e Joaquim Vieira de Souza e alguns empregados, um dos quais Joaquim Dias Moreira (Joaquim Bagage). A regi\u00e3o e a vila se desenvolviam em raz\u00e3o do clima e da privilegiada situa\u00e7\u00e3o geogr\u00e1fica. Isso atraiu habitantes de S\u00e3o Paulo, Rio Grande do Sul, Paran\u00e1 e Nordeste, entre outros. Depois de cansativas e insistentes reivindica\u00e7\u00f5es (tamb\u00e9m devido a sua posi\u00e7\u00e3o estrat\u00e9gica, e sendo passagem obrigat\u00f3ria em dire\u00e7\u00e3o ao extremo sul do Estado, Camapu\u00e3 ou ao Tri\u00e2ngulo Mineiro), o governo estadual promulgou a resolu\u00e7\u00e3o de emancipa\u00e7\u00e3o da vila e a elevou \u00e0 condi\u00e7\u00e3o de munic\u00edpio, ao mesmo tempo mudando o seu nome para Campo Grande, em 26 de agosto de 1899, tendo como primeiro prefeito Francisco Mestre (at\u00e9 1\u00ba\/11\/1904).<\/p>\n<p>A comarca foi criada em 1910, sendo seu primeiro juiz de direito Arlindo de Andrade Gomes e seu primeiro promotor p\u00fablico, Tobias de Santana. As ideias modernizadoras dos primeiros administradores influenciaram v\u00e1rias \u00e1reas, da pecu\u00e1ria ao urbanismo, e foi tra\u00e7ada a zona urbana com avenidas e ruas amplas e arborizadas. Outro fator de progresso para o munic\u00edpio e para o estado de Mato Grosso foi a chegada da Estrada de Ferro Noroeste do Brasil, da RFFSA (atual Novoeste), em 1914, ligando as bacias dos rios Paran\u00e1 e Paraguai aos pa\u00edses vizinhos: \u00e0 Bol\u00edvia (em Corumb\u00e1) e ao Paraguai (em Ponta Por\u00e3). Finalmente foi concretizada em 11 de outubro de 1977, pela Lei Complementar n\u00ba 31, a cria\u00e7\u00e3o de um novo estado (o Mato Grosso do Sul), cuja capital seria Campo Grande.<\/p>\n<p><strong>Economia<\/strong><\/p>\n<p>A popula\u00e7\u00e3o economicamente ativa do munic\u00edpio totaliza 333.597 pessoas (189.202 homens e 144.396 mulheres) e seu potencial de consumo \u00e9 de 0,58% (est. 2006). De um modo geral, a maior parte da m\u00e3o-de-obra ativa do munic\u00edpio \u00e9 absorvida pela setor terci\u00e1rio (com\u00e9rcio de mercadorias e presta\u00e7\u00e3o de servi\u00e7os). A constru\u00e7\u00e3o civil tamb\u00e9m desempenha papel muito importante na economia local.<\/p>\n<p>O cen\u00e1rio de crescimento atual faz com que a cidade possa ter condi\u00e7\u00f5es de oferecer mais empregos, mas tem como desafio crescer de forma planejada sem que esse boom se torne uma cat\u00e1strofe social e tire um dos principais chamarizes para o investimento: a qualidade de vida. Um exemplo otimista pode ser observado nos supermercados populares distribu\u00eddos pelos bairros da <a href=\"\/\">Cidade de Campo Grande<\/a>. Fam\u00edlias de baixa renda movimentam o com\u00e9rcio local, reflexo do momento de prosperidade da popula\u00e7\u00e3o local. A constru\u00e7\u00e3o dos quatro novos shoppings centers (Bosque Campo Grande, Norte-Sul, P\u00e1tio Central e Cidade Morena) na cidade deve gerar mais cinco mil postos de empregos.<\/p>\n<p>Para homenagear a comunidade de moradores desta maravilhosa cidade, o <a href=\"https:\/\/www.encontramatogrossodosul.com.br\/\" target=\"_blank\" rel=\"noopener noreferrer\">Encontra Mato Grosso do Sul<\/a> criou o <a href=\"\/\">Encontra Campo Grande<\/a> .<br \/>\n<strong>Fonte:<\/strong> Wikipedia<\/p>\n\n<div style=\"font-size: 0px; height: 0px; line-height: 0px; margin: 0; padding: 0; clear: both;\"><\/div>","protected":false},"excerpt":{"rendered":"<p>Limites &#8211; Cidade Vizinhas Jaraguari e Rochedo, Nova Alvorada do Sul e Sidrol\u00e2ndia, Ribas do Rio Pardo e Terenos. &nbsp; Dados Principais sobre Campo Grande Anivers\u00e1rio: 26 de Agosto Funda\u00e7\u00e3o: 1899 Gent\u00edlico: Campo-grandense \u00c1rea: 8.096.051 Km\u00b2 Popula\u00e7\u00e3o: 796,252 hab. (2011) IDH: 0,812 &#8211; elevado Prefeitura Campo Grande &nbsp; Moradores ilustres de Campo Grande Hist\u00f3ria de Campo Grande Campo Grande \u00e9 um munic\u00edpio brasileiro da regi\u00e3o Centro-Oeste, capital do estado de Mato Grosso do Sul. Reduto hist\u00f3rico de divisionistas entre o sul e o norte, Campo Grande foi fundada h\u00e1 mais de 111 anos por colonizadores mineiros, que vieram aproveitar os <\/p>\n","protected":false},"author":1,"featured_media":0,"parent":0,"menu_order":0,"comment_status":"closed","ping_status":"closed","template":"","meta":{"footnotes":""},"class_list":["post-449","page","type-page","status-publish","hentry"],"aioseo_notices":[],"_links":{"self":[{"href":"https:\/\/www.encontracampogrande.com.br\/sobre\/wp-json\/wp\/v2\/pages\/449","targetHints":{"allow":["GET"]}}],"collection":[{"href":"https:\/\/www.encontracampogrande.com.br\/sobre\/wp-json\/wp\/v2\/pages"}],"about":[{"href":"https:\/\/www.encontracampogrande.com.br\/sobre\/wp-json\/wp\/v2\/types\/page"}],"author":[{"embeddable":true,"href":"https:\/\/www.encontracampogrande.com.br\/sobre\/wp-json\/wp\/v2\/users\/1"}],"replies":[{"embeddable":true,"href":"https:\/\/www.encontracampogrande.com.br\/sobre\/wp-json\/wp\/v2\/comments?post=449"}],"version-history":[{"count":0,"href":"https:\/\/www.encontracampogrande.com.br\/sobre\/wp-json\/wp\/v2\/pages\/449\/revisions"}],"wp:attachment":[{"href":"https:\/\/www.encontracampogrande.com.br\/sobre\/wp-json\/wp\/v2\/media?parent=449"}],"curies":[{"name":"wp","href":"https:\/\/api.w.org\/{rel}","templated":true}]}}